{"id":170,"date":"2014-04-11T11:03:26","date_gmt":"2014-04-11T09:03:26","guid":{"rendered":"http:\/\/www.hairbeautymb.fi\/?page_id=170"},"modified":"2019-03-04T12:43:45","modified_gmt":"2019-03-04T10:43:45","slug":"yhteystiedot","status":"publish","type":"page","link":"https:\/\/www.hairbeautymb.fi\/?page_id=170","title":{"rendered":"Yhteystiedot"},"content":{"rendered":"<p><strong>Hair &amp; Beauty MB<\/strong><br \/>\n<strong> Tampereentie 12b14<\/strong><br \/>\n<strong> 37500 Lemp\u00e4\u00e4l\u00e4<\/strong><\/p>\n<p><strong>Olemme avoinna sopimuksen mukaan.<\/strong><\/p>\n<p>Puh. <strong>050-4088323<\/strong><\/p>\n<div class=\"page\" title=\"Page 1\">\n<div class=\"layoutArea\">\n<div class=\"column\">\n<p><strong>Hierojan tavoittaa my\u00f6s numerosta:<\/strong><\/p>\n<div class=\"page\" title=\"Page 1\">\n<div class=\"layoutArea\">\n<div class=\"column\">\n<p><strong>Puh. 045 1247 830<\/strong><\/p>\n<\/div>\n<\/div>\n<\/div>\n<\/div>\n<\/div>\n<\/div>\n","protected":false},"excerpt":{"rendered":"<p>Hair &amp; Beauty MB Tampereentie 12b14 37500 Lemp\u00e4\u00e4l\u00e4 Olemme avoinna sopimuksen mukaan. Puh. 050-4088323 Hierojan tavoittaa my\u00f6s numerosta: Puh. 045 1247 830<\/p>\n","protected":false},"author":3,"featured_media":252,"parent":0,"menu_order":0,"comment_status":"closed","ping_status":"closed","template":"","meta":{"footnotes":""},"_links":{"self":[{"href":"https:\/\/www.hairbeautymb.fi\/index.php?rest_route=\/wp\/v2\/pages\/170"}],"collection":[{"href":"https:\/\/www.hairbeautymb.fi\/index.php?rest_route=\/wp\/v2\/pages"}],"about":[{"href":"https:\/\/www.hairbeautymb.fi\/index.php?rest_route=\/wp\/v2\/types\/page"}],"author":[{"embeddable":true,"href":"https:\/\/www.hairbeautymb.fi\/index.php?rest_route=\/wp\/v2\/users\/3"}],"replies":[{"embeddable":true,"href":"https:\/\/www.hairbeautymb.fi\/index.php?rest_route=%2Fwp%2Fv2%2Fcomments&post=170"}],"version-history":[{"count":7,"href":"https:\/\/www.hairbeautymb.fi\/index.php?rest_route=\/wp\/v2\/pages\/170\/revisions"}],"predecessor-version":[{"id":388,"href":"https:\/\/www.hairbeautymb.fi\/index.php?rest_route=\/wp\/v2\/pages\/170\/revisions\/388"}],"wp:featuredmedia":[{"embeddable":true,"href":"https:\/\/www.hairbeautymb.fi\/index.php?rest_route=\/wp\/v2\/media\/252"}],"wp:attachment":[{"href":"https:\/\/www.hairbeautymb.fi\/index.php?rest_route=%2Fwp%2Fv2%2Fmedia&parent=170"}],"curies":[{"name":"wp","href":"https:\/\/api.w.org\/{rel}","templated":true}]}}