{"id":27,"date":"2012-02-20T00:46:14","date_gmt":"2012-02-19T22:46:14","guid":{"rendered":"http:\/\/kaista.org\/testi\/mb\/?page_id=27"},"modified":"2026-04-16T07:18:06","modified_gmt":"2026-04-16T05:18:06","slug":"etusivu","status":"publish","type":"page","link":"https:\/\/www.hairbeautymb.fi\/","title":{"rendered":"Etusivu"},"content":{"rendered":"<h1><\/h1>\n<h1><\/h1>\n<h1 style=\"text-align: right;\"><a href=\"http:\/\/www.hairbeautymb.fi\/wp-content\/uploads\/2012\/02\/14716285_1497058726976836_8806976034767756397_n.jpg\"><img decoding=\"async\" loading=\"lazy\" class=\"size-medium wp-image-231 aligncenter\" title=\"14716285_1497058726976836_8806976034767756397_n\" src=\"http:\/\/www.hairbeautymb.fi\/wp-content\/uploads\/2012\/02\/14716285_1497058726976836_8806976034767756397_n-300x300.jpg\" alt=\"\" width=\"300\" height=\"300\" srcset=\"https:\/\/www.hairbeautymb.fi\/wp-content\/uploads\/2012\/02\/14716285_1497058726976836_8806976034767756397_n-300x300.jpg 300w, https:\/\/www.hairbeautymb.fi\/wp-content\/uploads\/2012\/02\/14716285_1497058726976836_8806976034767756397_n-150x150.jpg 150w, https:\/\/www.hairbeautymb.fi\/wp-content\/uploads\/2012\/02\/14716285_1497058726976836_8806976034767756397_n.jpg 960w\" sizes=\"(max-width: 300px) 100vw, 300px\" \/><\/a><\/h1>\n<h1 style=\"text-align: left;\"><\/h1>\n<h1 style=\"text-align: center;\">Tervetuloa kotisivuillemme!<\/h1>\n<p>Kauneuden, komistamisen ja hemmottelun keidas! Tarjoamme laadukkaat ja yksil\u00f6lliset kampaamo-, parturi-, ripsi- ja meikkipalvelut Lemp\u00e4\u00e4l\u00e4n keskustassa. Kun tulet meille saat k\u00e4ytt\u00f6\u00f6si ammattiosaamisen, taiteellisen luovuuden ja alan uusimpia tuotteita. Teemme sinulle uutta lookia toiveitasi kuunnellen. Nettiajanvarauksesta n\u00e4et k\u00e4tev\u00e4sti vapaat ajat, jos n\u00e4in ei mieleist\u00e4 aikaa l\u00f6ydy, soita ja etsit\u00e4\u00e4n kalenteristamme sinulle ratkaisu. Liikkeemme ovet ovat auki sopimuksen mukaan. Tiimimme tuo arkeesi ripauksen hyv\u00e4ntuulista luksusta ja saa juhlap\u00e4iviesi fiiliksen nousemaan viel\u00e4kin paremmaksi!<\/p>\n<p><strong>Tervetuloa<\/strong>! Toivottavat Mari, Henrikki ja Vesa<\/p>\n<p><strong>HUOM. Hair &amp;Beauty MB on vaihtanut omistajaa ja toiminta jatkuu samoissa tiloissa uuden omistajan Niina Lemetyisen k\u00e4siss\u00e4. Ajanvarauskohdasta linkki ohjaa Lume Hair&amp;Beauty sivuille, josta p\u00e4\u00e4set varaamaan ajan Henrikille ja Vesalle sek\u00e4 Niinalle!<\/strong><\/p>\n<p><strong>Omistaja Mari Brandt<\/strong><\/p>\n<p>Kokemusta l\u00f6ytyy alalta 1999 alkaen. Haave omasta liikkeest\u00e4 toteutui vuonna 2004. V\u00e4rj\u00e4ykset ja kampaukset ovat l\u00e4hell\u00e4 syd\u00e4nt\u00e4, mutta taitaa my\u00f6s leikkaukset, pidennykset teipill\u00e4 ja sineteill\u00e4, meikkaukset. Kokemusta l\u00f6ytyy my\u00f6s n\u00e4yt\u00f6ksist\u00e4 ja kilpailuista hyv\u00e4ll\u00e4 menestyksell\u00e4.<\/p>\n<p><strong>Henrikki &#8221;Hese&#8221; Lahti<\/strong><\/p>\n<p>Heselt\u00e4 onnistuu niin leikkaukset kuin n\u00e4ytt\u00e4v\u00e4t v\u00e4rj\u00e4yksetkin. V\u00e4rien tuomat haasteet on h\u00e4nen erikoisosaamistaan. Hese tekee my\u00f6s mikroring pidennyksi\u00e4.<\/p>\n<p><strong>Tiloissamme toimii my\u00f6s koulutettu hieroja Vesa H\u00e4rm\u00e4<\/strong><\/p>\n<div class=\"page\" title=\"Page 1\">\n<div class=\"layoutArea\">\n<div class=\"column\">\n<p>Ha\u0308rma\u0308n Vesa ta\u0308ssa\u0308 Fysiikkaverstaalta morjesta! Olen koulutettu hieroja \/ urheiluhieroja, kuntosaliohjaaja ja personal trainer. Hierojaksi olen valmistunut 2017 Tampereen urheiluhierojakoulusta. Personal trainer opinnot suoritin vuotta aiemmin Fysioline Academy of Finlandilla ja kuntosaliohjaajatodistus leimattiin FISAF:n toimesta jo vuonna 2007. Omaan vahvan urheilutaustan ja viela\u0308 nykyisinkin suuri osa vapaa-ajastani kuluu erilaisien liikunnallisten harrastusten parissa.<\/p>\n<p>Na\u0308in alkuun tarjoan sinulle laadukkaat hierontapalvelut. Vastaanotolleni ovat tervetulleita ihan kaikki, olit sitten va\u0308ha\u0308n liikkuva toimistotyo\u0308la\u0308inen, olympiatason urheilija, tai mita\u0308 vain silta\u0308 va\u0308lilta\u0308. Hoidot suunnittelen aina sinun kanssasi tarpeidesi ja toiveidesi mukaan yksilo\u0308llisesti. Jo alkaneissa vaivoissa pyrin aina selvitta\u0308ma\u0308a\u0308n aiheuttajan ja poistamaan sen, na\u0308in saavutetaan pysyva\u0308mpi hoitotulos. Ohjaan myo\u0308s mielella\u0308ni hoitoa tukevia harjoitteita.<\/p>\n<p>Fysiikkaverstaan lo\u0308yda\u0308t 3.10.2017 alkaen Lempa\u0308a\u0308la\u0308n keskustasta Hair &amp; Beauty MB:n tiloista osoitteesta: Tampereentie 12 B 14 Puh. 045 1247 830<\/p>\n<p><em><strong>\u00a0\u00a0\u00a0\u00a0\u00a0\u00a0\u00a0\u00a0\u00a0\u00a0\u00a0\u00a0\u00a0\u00a0\u00a0\u00a0\u00a0\u00a0\u00a0\u00a0\u00a0\u00a0\u00a0\u00a0\u00a0\u00a0\u00a0\u00a0\u00a0\u00a0\u00a0\u00a0\u00a0\u00a0\u00a0\u00a0\u00a0\u00a0\u00a0\u00a0 Tervetuloa tutustumaan!<\/strong><\/em><\/p>\n<\/div>\n<\/div>\n<\/div>\n<div class=\"page\" title=\"Page 1\"><\/div>\n<p><img decoding=\"async\" class=\"attachment-thumb aligncenter\" draggable=\"false\" src=\"http:\/\/www.hairbeautymb.fi\/wp-content\/uploads\/2019\/03\/5994d824-6f4b-4fbb-b22b-5e1e1b134547-300x278.jpg\" alt=\"\" \/><\/p>\n","protected":false},"excerpt":{"rendered":"<p>Tervetuloa kotisivuillemme! Kauneuden, komistamisen ja hemmottelun keidas! Tarjoamme laadukkaat ja yksil\u00f6lliset kampaamo-, parturi-, ripsi- ja meikkipalvelut Lemp\u00e4\u00e4l\u00e4n keskustassa. Kun tulet meille saat k\u00e4ytt\u00f6\u00f6si ammattiosaamisen, taiteellisen luovuuden ja alan uusimpia tuotteita. Teemme sinulle uutta lookia toiveitasi kuunnellen. Nettiajanvarauksesta n\u00e4et k\u00e4tev\u00e4sti vapaat &hellip; <a href=\"https:\/\/www.hairbeautymb.fi\/\">Lue loppuun <span class=\"meta-nav\">&rarr;<\/span><\/a><\/p>\n","protected":false},"author":3,"featured_media":174,"parent":0,"menu_order":5,"comment_status":"closed","ping_status":"closed","template":"","meta":{"footnotes":""},"_links":{"self":[{"href":"https:\/\/www.hairbeautymb.fi\/index.php?rest_route=\/wp\/v2\/pages\/27"}],"collection":[{"href":"https:\/\/www.hairbeautymb.fi\/index.php?rest_route=\/wp\/v2\/pages"}],"about":[{"href":"https:\/\/www.hairbeautymb.fi\/index.php?rest_route=\/wp\/v2\/types\/page"}],"author":[{"embeddable":true,"href":"https:\/\/www.hairbeautymb.fi\/index.php?rest_route=\/wp\/v2\/users\/3"}],"replies":[{"embeddable":true,"href":"https:\/\/www.hairbeautymb.fi\/index.php?rest_route=%2Fwp%2Fv2%2Fcomments&post=27"}],"version-history":[{"count":27,"href":"https:\/\/www.hairbeautymb.fi\/index.php?rest_route=\/wp\/v2\/pages\/27\/revisions"}],"predecessor-version":[{"id":447,"href":"https:\/\/www.hairbeautymb.fi\/index.php?rest_route=\/wp\/v2\/pages\/27\/revisions\/447"}],"wp:featuredmedia":[{"embeddable":true,"href":"https:\/\/www.hairbeautymb.fi\/index.php?rest_route=\/wp\/v2\/media\/174"}],"wp:attachment":[{"href":"https:\/\/www.hairbeautymb.fi\/index.php?rest_route=%2Fwp%2Fv2%2Fmedia&parent=27"}],"curies":[{"name":"wp","href":"https:\/\/api.w.org\/{rel}","templated":true}]}}