{"id":46,"date":"2012-02-22T18:04:25","date_gmt":"2012-02-22T16:04:25","guid":{"rendered":"http:\/\/kaista.org\/testi\/mb\/?page_id=46"},"modified":"2026-03-31T17:51:35","modified_gmt":"2026-03-31T15:51:35","slug":"ajanvaraus","status":"publish","type":"page","link":"https:\/\/www.hairbeautymb.fi\/?page_id=46","title":{"rendered":"Ajanvaraus"},"content":{"rendered":"<h3>Seuraavat palvelut varataan vain soittamalla liikkeeseen numeroon:<\/h3>\n<h3><span style=\"color: #ff0000;\">p.<em>0504088323<\/em><\/span><\/h3>\n<blockquote><p><span style=\"font-size: medium;\">&#8211; Morsiuskampaukset ja H\u00e4\u00e4meikit\/seurueet<br \/>\n&#8211; juhlakampaukset<br \/>\n&#8211; tukik\u00e4sittelyt<br \/>\n&#8211; kiharat<br \/>\n&#8211; hiustentuuhennus<br \/>\n&#8211; pidennysty\u00f6t<\/span><\/p><\/blockquote>\n<h1><a href=\"https:\/\/www.lumehairandbeauty.fi\/ajanvaraus\">Linkki nettiajan varaukseen<\/a><\/h1>\n<p><strong>HUOM. Hair &amp;Beauty MB on vaihtanut omistajaa ja toiminta jatkuu samoissa tiloissa uuden omistajan Niina Lemetyisen k\u00e4siss\u00e4. Linkki ohjaa Lume Hair&amp;Beauty sivuille, josta p\u00e4\u00e4set varaamaan ajan Henrikille ja Vesalle sek\u00e4 Niinalle!<\/strong><\/p>\n<p>Jos et l\u00f6yd\u00e4 sopivaa aika, ole hyv\u00e4 ja soittele niin katsotaan yhdess\u00e4!<\/p>\n<p>Huom! Peruutukset tulee tehd\u00e4 24h ennen varattua aikaa puhelimitse, tai veloitamme 50% palvelun hinnasta. Emme hyv\u00e4ksy tekstiviestill\u00e4\/s\u00e4hk\u00f6postilla tehtyj\u00e4 peruutuksia. <strong>p.<span style=\"color: #ff0000;\">0504088323<\/span><\/strong><\/p>\n","protected":false},"excerpt":{"rendered":"<p>Seuraavat palvelut varataan vain soittamalla liikkeeseen numeroon: p.0504088323 &#8211; Morsiuskampaukset ja H\u00e4\u00e4meikit\/seurueet &#8211; juhlakampaukset &#8211; tukik\u00e4sittelyt &#8211; kiharat &#8211; hiustentuuhennus &#8211; pidennysty\u00f6t Linkki nettiajan varaukseen HUOM. Hair &amp;Beauty MB on vaihtanut omistajaa ja toiminta jatkuu samoissa tiloissa uuden omistajan Niina &hellip; <a href=\"https:\/\/www.hairbeautymb.fi\/?page_id=46\">Lue loppuun <span class=\"meta-nav\">&rarr;<\/span><\/a><\/p>\n","protected":false},"author":3,"featured_media":0,"parent":0,"menu_order":3,"comment_status":"closed","ping_status":"closed","template":"","meta":{"footnotes":""},"_links":{"self":[{"href":"https:\/\/www.hairbeautymb.fi\/index.php?rest_route=\/wp\/v2\/pages\/46"}],"collection":[{"href":"https:\/\/www.hairbeautymb.fi\/index.php?rest_route=\/wp\/v2\/pages"}],"about":[{"href":"https:\/\/www.hairbeautymb.fi\/index.php?rest_route=\/wp\/v2\/types\/page"}],"author":[{"embeddable":true,"href":"https:\/\/www.hairbeautymb.fi\/index.php?rest_route=\/wp\/v2\/users\/3"}],"replies":[{"embeddable":true,"href":"https:\/\/www.hairbeautymb.fi\/index.php?rest_route=%2Fwp%2Fv2%2Fcomments&post=46"}],"version-history":[{"count":16,"href":"https:\/\/www.hairbeautymb.fi\/index.php?rest_route=\/wp\/v2\/pages\/46\/revisions"}],"predecessor-version":[{"id":445,"href":"https:\/\/www.hairbeautymb.fi\/index.php?rest_route=\/wp\/v2\/pages\/46\/revisions\/445"}],"wp:attachment":[{"href":"https:\/\/www.hairbeautymb.fi\/index.php?rest_route=%2Fwp%2Fv2%2Fmedia&parent=46"}],"curies":[{"name":"wp","href":"https:\/\/api.w.org\/{rel}","templated":true}]}}