{"id":7,"date":"2012-02-19T19:20:08","date_gmt":"2012-02-19T19:20:08","guid":{"rendered":"http:\/\/kaista.org\/testi\/mb\/?page_id=6"},"modified":"2026-03-31T17:42:28","modified_gmt":"2026-03-31T15:42:28","slug":"lempaala","status":"publish","type":"page","link":"https:\/\/www.hairbeautymb.fi\/?page_id=7","title":{"rendered":"Palvelut"},"content":{"rendered":"<h1>Palvelut<\/h1>\n<p>-Hiustenleikkaukset niin naisille kuin miehillekin lapsia unohtamatta:)<br \/>\n-Loistavat v\u00e4rj\u00e4ykset<\/p>\n<p>-Hiustenpidennykset\/hiustentuuhennukset<br \/>\n-N\u00e4ytt\u00e4v\u00e4t h\u00e4\u00e4\/juhlakampaukset<\/p>\n<p>-Meikkauspalvelu<br \/>\n-Ripsien ja kulmien v\u00e4rj\u00e4ykset<\/p>\n<p>-Hieronta<\/p>\n<h1>Yhteystiedot:<\/h1>\n<p>Hair &amp; Beauty MB<br \/>\nTampereentie 12b14<br \/>\n37500 Lemp\u00e4\u00e4l\u00e4<\/p>\n<p>Olemme avoinna sopimuksen mukaan.<\/p>\n<p>Puh. <strong>050-4088323<\/strong><\/p>\n<h1>Kartta<\/h1>\n<p><iframe loading=\"lazy\" src=\"http:\/\/maps.google.fi\/maps?f=q&amp;source=s_q&amp;hl=fi&amp;geocode=&amp;q=tampereentie+12+b+lemp%C3%A4%C3%A4l%C3%A4&amp;aq=&amp;sll=61.314804,23.75265&amp;sspn=0.009105,0.026543&amp;ie=UTF8&amp;hq=&amp;hnear=Tampereentie+12&amp;t=m&amp;z=14&amp;ll=61.314804,23.75265&amp;output=embed\" width=\"425\" height=\"350\" frameborder=\"0\" marginwidth=\"0\" marginheight=\"0\" scrolling=\"no\"><\/iframe><br \/>\n<small><a style=\"color: #0000ff; text-align: left;\" href=\"http:\/\/maps.google.fi\/maps?f=q&amp;source=embed&amp;hl=fi&amp;geocode=&amp;q=tampereentie+12+b+lemp%C3%A4%C3%A4l%C3%A4&amp;aq=&amp;sll=61.314804,23.75265&amp;sspn=0.009105,0.026543&amp;ie=UTF8&amp;hq=&amp;hnear=Tampereentie+12&amp;t=m&amp;z=14&amp;ll=61.314804,23.75265\">N\u00e4yt\u00e4 suurempi kartta<\/a><\/small><\/p>\n","protected":false},"excerpt":{"rendered":"<p>Palvelut -Hiustenleikkaukset niin naisille kuin miehillekin lapsia unohtamatta:) -Loistavat v\u00e4rj\u00e4ykset -Hiustenpidennykset\/hiustentuuhennukset -N\u00e4ytt\u00e4v\u00e4t h\u00e4\u00e4\/juhlakampaukset -Meikkauspalvelu -Ripsien ja kulmien v\u00e4rj\u00e4ykset -Hieronta Yhteystiedot: Hair &amp; Beauty MB Tampereentie 12b14 37500 Lemp\u00e4\u00e4l\u00e4 Olemme avoinna sopimuksen mukaan. Puh. 050-4088323 Kartta N\u00e4yt\u00e4 suurempi kartta<\/p>\n","protected":false},"author":3,"featured_media":252,"parent":0,"menu_order":2,"comment_status":"closed","ping_status":"closed","template":"","meta":{"footnotes":""},"_links":{"self":[{"href":"https:\/\/www.hairbeautymb.fi\/index.php?rest_route=\/wp\/v2\/pages\/7"}],"collection":[{"href":"https:\/\/www.hairbeautymb.fi\/index.php?rest_route=\/wp\/v2\/pages"}],"about":[{"href":"https:\/\/www.hairbeautymb.fi\/index.php?rest_route=\/wp\/v2\/types\/page"}],"author":[{"embeddable":true,"href":"https:\/\/www.hairbeautymb.fi\/index.php?rest_route=\/wp\/v2\/users\/3"}],"replies":[{"embeddable":true,"href":"https:\/\/www.hairbeautymb.fi\/index.php?rest_route=%2Fwp%2Fv2%2Fcomments&post=7"}],"version-history":[{"count":14,"href":"https:\/\/www.hairbeautymb.fi\/index.php?rest_route=\/wp\/v2\/pages\/7\/revisions"}],"predecessor-version":[{"id":444,"href":"https:\/\/www.hairbeautymb.fi\/index.php?rest_route=\/wp\/v2\/pages\/7\/revisions\/444"}],"wp:featuredmedia":[{"embeddable":true,"href":"https:\/\/www.hairbeautymb.fi\/index.php?rest_route=\/wp\/v2\/media\/252"}],"wp:attachment":[{"href":"https:\/\/www.hairbeautymb.fi\/index.php?rest_route=%2Fwp%2Fv2%2Fmedia&parent=7"}],"curies":[{"name":"wp","href":"https:\/\/api.w.org\/{rel}","templated":true}]}}