{"id":74,"date":"2012-03-09T01:44:25","date_gmt":"2012-03-08T23:44:25","guid":{"rendered":"http:\/\/kaista.org\/testi\/mb\/?page_id=74"},"modified":"2024-09-01T13:38:43","modified_gmt":"2024-09-01T11:38:43","slug":"hinnasto","status":"publish","type":"page","link":"https:\/\/www.hairbeautymb.fi\/?page_id=74","title":{"rendered":"Hinnasto"},"content":{"rendered":"<p><strong>Hinnasto<\/strong><\/p>\n<p><strong>Hiustenleikkaus<\/strong><\/p>\n<p>Parturileikkaus\u00a0 \u00a0 \u00a0 \u00a0 \u00a0 \u00a0 \u00a0 \u00a0<strong>36,50\u20ac\u00a0 \u00a0<\/strong>sis.pesun<\/p>\n<p>Kampaamoleikkaus\u00a0 \u00a0 \u00a0 <strong>49,90\u20ac\u00a0 <\/strong>\u00a0 sis.pesun<\/p>\n<p>Mallinmuutos\u00a0 \u00a0 \u00a0 \u00a0 \u00a0 \u00a0 \u00a0 \u00a0 \u00a0<strong>70\u20ac\u00a0 \u00a0 <\/strong>sis.pesun<\/p>\n<p>Lapset alle 7v\u00a0 \u00a0 \u00a0 \u00a0 \u00a0 \u00a0 \u00a0 \u00a0 <strong>29.00\u20ac<br \/><\/strong><\/p>\n<p>Koneajo\u00a0 \u00a0 \u00a0 \u00a0 \u00a0 \u00a0 \u00a0 \u00a0 \u00a0 \u00a0 \u00a0 \u00a0 <strong>\u00a0 16,00\u20ac<\/strong><\/p>\n<p>Otsatukanleikkaus\u00a0 \u00a0 \u00a0 \u00a0<strong>16,00\u20ac<\/strong><\/p>\n<p><strong>V\u00e4ri ja Leikkaus\u00a0<\/strong><\/p>\n<p>Miehet \u00a0 \u00a0 \u00a0 \u00a0 \u00a0 \u00a0 \u00a0 \u00a0 \u00a0 \u00a0 \u00a0 \u00a0 \u00a0<strong> 89\u20ac<\/strong><\/p>\n<p>Lyhyet\u00a0\u00a0\u00a0\u00a0\u00a0\u00a0\u00a0\u00a0\u00a0\u00a0\u00a0\u00a0\u00a0\u00a0\u00a0\u00a0\u00a0\u00a0\u00a0\u00a0\u00a0\u00a0\u00a0\u00a0\u00a0 <strong>115\u20ac<\/strong><\/p>\n<p>Polkka\u00a0 \u00a0 \u00a0 \u00a0 \u00a0 \u00a0 \u00a0 \u00a0 \u00a0 \u00a0 \u00a0 \u00a0 \u00a0<strong> 123\u20ac<\/strong><\/p>\n<p>Pitk\u00e4t \u00a0\u00a0\u00a0\u00a0\u00a0\u00a0\u00a0\u00a0\u00a0\u00a0\u00a0\u00a0\u00a0\u00a0<strong> \u00a0\u00a0\u00a0 \u00a0 \u00a0 \u00a0 \u00a0 146\u20ac-167\u20ac<\/strong><\/p>\n<p>Pitk\u00e4t\/Paksut\u00a0\u00a0\u00a0\u00a0\u00a0\u00a0\u00a0\u00a0\u00a0\u00a0\u00a0\u00a0 <strong>167\u20ac-190\u20ac<\/strong><\/p>\n<p>V\u00e4rinpoisto alkaen\u00a0 \u00a0 <strong>35\u20ac<\/strong><\/p>\n<p>Taittos\u00e4vy alkaen\u00a0 \u00a0 \u00a0 <strong>20\u20ac<\/strong><\/p>\n<p><strong>\u00a0Hoidot v\u00e4rin yhteydess\u00e4 (lis\u00e4palvelu)<\/strong><strong> +25\u20ac-45\u20ac<\/strong><\/p>\n<p><strong>Hinta perustuu k\u00e4ytett\u00e4v\u00e4n v\u00e4rin m\u00e4\u00e4r\u00e4\u00e4n\u00a0\u00a0ja aikaan!<\/strong><\/p>\n<p><strong style=\"font-size: revert; color: initial; font-family: -apple-system, BlinkMacSystemFont, 'Segoe UI', Roboto, Oxygen-Sans, Ubuntu, Cantarell, 'Helvetica Neue', sans-serif;\">Kiharat ja Leikkaus<\/strong><\/p>\n<p>Osaperm.\u00a0 \u00a0 \u00a0 \u00a0 \u00a0 \u00a0 \u00a0 \u00a0 \u00a0 \u00a0 <strong>105\u20ac<\/strong><\/p>\n<p>Lyhyet\u00a0\u00a0\u00a0\u00a0\u00a0\u00a0\u00a0\u00a0\u00a0\u00a0\u00a0\u00a0\u00a0\u00a0\u00a0\u00a0\u00a0\u00a0\u00a0\u00a0\u00a0\u00a0\u00a0\u00a0\u00a0<strong> 120\u20ac<\/strong><\/p>\n<p>Polkka\u00a0\u00a0\u00a0\u00a0\u00a0\u00a0\u00a0\u00a0\u00a0\u00a0\u00a0\u00a0\u00a0\u00a0\u00a0\u00a0\u00a0\u00a0\u00a0\u00a0\u00a0\u00a0\u00a0\u00a0\u00a0 <strong>135\u20ac<\/strong><\/p>\n<p>Pitk\u00e4t \u00a0 \u00a0 \u00a0 \u00a0 \u00a0 \u00a0 \u00a0 \u00a0 \u00a0 \u00a0 \u00a0 \u00a0 \u00a0\u00a0\u00a0<strong>146\u20ac-190\u20ac<\/strong><\/p>\n<p><strong>\u00a0Kampaukset<\/strong><\/p>\n<p>Pesu ja f\u00f6\u00f6naus\u00a0 \u00a0 \u00a0 \u00a0 \u00a0 \u00a0 \u00a0 \u00a0 \u00a0 \u00a0 \u00a0 \u00a0 \u00a0<strong> 39\u20ac<\/strong><\/p>\n<p>Kiharakampaus ilman pesua\u00a0 <strong>49\u20ac<\/strong><\/p>\n<p>Kiharakampaus pesulla\u00a0 \u00a0 \u00a0 \u00a0 \u00a0 \u00a0 <strong>73\u20ac\u00a0 \u00a0 \u00a0<\/strong><\/p>\n<p>Kampaus\u00a0 \u00a0 \u00a0 \u00a0 \u00a0 \u00a0<strong>\u00a0 \u00a0 \u00a0 \u00a0 \u00a0 \u00a0 \u00a0 \u00a0 \u00a0 \u00a0 \u00a0 \u00a0 \u00a0 \u00a0 73\u20ac\/<\/strong>1h<\/p>\n<p>H\u00e4\u00e4kampaus\u00a0\u00a0\u00a0\u00a0\u00a0\u00a0\u00a0\u00a0\u00a0\u00a0\u00a0\u00a0\u00a0\u00a0\u00a0\u00a0<strong>\u00a0 \u00a0 \u00a0 \u00a0 \u00a0 \u00a0 \u00a0 \u00a0180\u20ac (<\/strong> sis.Koekampauksen)<\/p>\n<p>Koekampaus\u00a0 \u00a0 \u00a0 \u00a0 \u00a0 \u00a0 \u00a0 \u00a0 \u00a0 \u00a0 \u00a0 \u00a0 <strong>\u00a0 \u00a0 \u00a0 \u00a0 70\u20ac\/<\/strong>1h<\/p>\n<p><strong>Meikit<\/strong><\/p>\n<p>H\u00e4\u00e4meikki (sis.koe)\u00a0\u00a0\u00a0\u00a0<strong>\u00a0 \u00a0 \u00a0 \u00a0 \u00a0 \u00a0 \u00a0 \u00a0 \u00a0 99\u20ac<\/strong><\/p>\n<p>Juhlameikki\u00a0 \u00a0 \u00a0 \u00a0 \u00a0 \u00a0 \u00a0 \u00a0 \u00a0 \u00a0 \u00a0 \u00a0 \u00a0 \u00a0 \u00a0 \u00a0 \u00a0 \u00a0 \u00a0<strong>65\u20ac<\/strong><\/p>\n<p>Kevyt ehostus\u00a0\u00a0\u00a0\u00a0\u00a0\u00a0\u00a0\u00a0\u00a0\u00a0\u00a0\u00a0\u00a0\u00a0\u00a0<strong>\u00a0 \u00a0 \u00a0 \u00a0 \u00a0 \u00a0 \u00a0 \u00a0 \u00a0 45\u20ac<\/strong><\/p>\n<p>Ripsien v\u00e4rj\u00e4ys\u00a0 \u00a0 \u00a0 \u00a0 \u00a0 \u00a0 \u00a0 \u00a0 \u00a0 \u00a0 \u00a0 \u00a0 \u00a0 \u00a0 \u00a0 \u00a0<strong>19\u20ac<\/strong><\/p>\n<p>Kulmien v\u00e4rj\u00e4ys sis. muotoilun\u00a0\u00a0<strong> 19\u20ac<\/strong><\/p>\n<p>Ripsien ja kulmien v\u00e4rj\u00e4ys sis. kulmien muotoilun <strong>34\u20ac<\/strong><\/p>\n<p><strong>Hiustenpidennys<\/strong>\u00a0<\/p>\n<h3>Pidennykset<\/h3>\n<p>Ennen hiustenpidennysk\u00e4sittely\u00e4 varaa aika konsultaatioon, jossa m\u00e4\u00e4ritell\u00e4\u00e4n noin hinta ja valitaan hiusten s\u00e4vy sek\u00e4 pidennyshiusten pituus. Hiustenpidennykset hinnoitellaan sen mukaan kuinka paljon hiustenpidennyst\u00e4 asiakkaalle laitetaan ja kuinka kauan siihen menee aikaa sek\u00e4 mill\u00e4 tekniikalla (sinetti\/teippi).<\/p>\n<p>Konsultaation yhteydess\u00e4 maksetaan 50% varausmaksu, jota ei peruutuksen yhteydess\u00e4 palauteta. (Ajan voit siirt\u00e4\u00e4)<\/p>\n<p>Pidennysten laiton lis\u00e4ksi veloitetaan tarvittavat hiustenpidennysmateriaalit.<\/p>\n<p>Poisto\/Huolto <strong>73\u20ac\/h<\/strong><\/p>\n<p>Hinnat sis. ALV 25,5%<\/p>\n<p><strong>Hieronta\u00a0\u00a0\u00a0\u00a0\u00a0\u00a0 <\/strong><\/p>\n<div class=\"layoutArea\">\n<div class=\"column\">\n<p>Hieronta-aika<\/p>\n<p>30min <strong>33\u20ac\u00a0\u00a0\u00a0\u00a0\u00a0\u00a0\u00a0\u00a0\u00a0\u00a0\u00a0\u00a0\u00a0\u00a0\u00a0\u00a0\u00a0\u00a0\u00a0\u00a0\u00a0<\/strong><\/p>\n<p>45min 42<strong>\u20ac\u00a0 \u00a0 \u00a0 \u00a0 \u00a0 \u00a0 \u00a0 \u00a0 \u00a0 \u00a0\u00a0<\/strong><\/p>\n<p>60min 51<strong>\u20ac\u00a0 \u00a0 \u00a0 \u00a0 \u00a0 \u00a0 \u00a0 \u00a0 \u00a0 \u00a0\u00a0<\/strong><\/p>\n<p>75min 60<strong>\u20ac\u00a0 \u00a0 \u00a0 \u00a0 \u00a0 \u00a0 \u00a0 \u00a0 \u00a0 \u00a0\u00a0<\/strong><\/p>\n<p>90min 70<strong>\u20ac\u00a0 \u00a0 \u00a0 \u00a0 \u00a0 \u00a0 \u00a0 \u00a0 \u00a0 \u00a0\u00a0<\/strong><\/p>\n<p>120min 95<strong>\u20ac<br \/><\/strong><\/p>\n<\/div>\n<p>Alv.0%<\/p>\n<\/div>\n\n\n<p><\/p>\n","protected":false},"excerpt":{"rendered":"<p>Hinnasto Hiustenleikkaus Parturileikkaus\u00a0 \u00a0 \u00a0 \u00a0 \u00a0 \u00a0 \u00a0 \u00a036,50\u20ac\u00a0 \u00a0sis.pesun Kampaamoleikkaus\u00a0 \u00a0 \u00a0 49,90\u20ac\u00a0 \u00a0 sis.pesun Mallinmuutos\u00a0 \u00a0 \u00a0 \u00a0 \u00a0 \u00a0 \u00a0 \u00a0 \u00a070\u20ac\u00a0 \u00a0 sis.pesun Lapset alle 7v\u00a0 \u00a0 \u00a0 \u00a0 \u00a0 \u00a0 \u00a0 \u00a0 29.00\u20ac Koneajo\u00a0 &hellip; <a href=\"https:\/\/www.hairbeautymb.fi\/?page_id=74\">Lue loppuun <span class=\"meta-nav\">&rarr;<\/span><\/a><\/p>\n","protected":false},"author":3,"featured_media":0,"parent":0,"menu_order":3,"comment_status":"closed","ping_status":"closed","template":"","meta":{"footnotes":""},"_links":{"self":[{"href":"https:\/\/www.hairbeautymb.fi\/index.php?rest_route=\/wp\/v2\/pages\/74"}],"collection":[{"href":"https:\/\/www.hairbeautymb.fi\/index.php?rest_route=\/wp\/v2\/pages"}],"about":[{"href":"https:\/\/www.hairbeautymb.fi\/index.php?rest_route=\/wp\/v2\/types\/page"}],"author":[{"embeddable":true,"href":"https:\/\/www.hairbeautymb.fi\/index.php?rest_route=\/wp\/v2\/users\/3"}],"replies":[{"embeddable":true,"href":"https:\/\/www.hairbeautymb.fi\/index.php?rest_route=%2Fwp%2Fv2%2Fcomments&post=74"}],"version-history":[{"count":27,"href":"https:\/\/www.hairbeautymb.fi\/index.php?rest_route=\/wp\/v2\/pages\/74\/revisions"}],"predecessor-version":[{"id":442,"href":"https:\/\/www.hairbeautymb.fi\/index.php?rest_route=\/wp\/v2\/pages\/74\/revisions\/442"}],"wp:attachment":[{"href":"https:\/\/www.hairbeautymb.fi\/index.php?rest_route=%2Fwp%2Fv2%2Fmedia&parent=74"}],"curies":[{"name":"wp","href":"https:\/\/api.w.org\/{rel}","templated":true}]}}